{"id":92,"date":"2015-04-21T09:19:47","date_gmt":"2015-04-21T07:19:47","guid":{"rendered":"http:\/\/localhost\/wordpress\/beispiel-seite-2\/"},"modified":"2022-11-18T04:07:58","modified_gmt":"2022-11-18T03:07:58","slug":"beispiel-seite-2","status":"publish","type":"page","link":"https:\/\/best-tv.info\/en\/","title":{"rendered":"Willkommen bei Best-TV"},"content":{"rendered":"\n<p>Hallo Leute, \ud83d\udc4b<\/p>\n\n\n\n<p>Wir haben die Bandbreite unserer Server um \u00fcber 100 Gbit\/s erh\u00f6ht.<br>BestTV Service arbeitet immer f\u00fcr die beste Qualit\u00e4t und wir sind nicht wie andere Anbieter mit 30~50 Gbps Bandbreite!<br>Die meisten anderen Anbieter arbeiten maximal ein paar Monate und danach sehen ihre Benutzer einen enormen Qualit\u00e4tsverlust.<\/p>\n\n\n\n<p>Mit freundlichen Gr\u00fc\u00dfe<\/p>\n\n\n\n<p><\/p>\n\n\n\n<p><\/p>\n\n\n\n<p>Hello guys, \ud83d\udc4b<\/p>\n\n\n\n<p>We have added over 100 Gbps to our servers&#8217; bandwidth.<br>BestTV service always works for the best quality and we are not like other providers with 30~50 Gbps bandwidth!<br>Most other providers work for maximum a few months and after that, their users see huge drip on quality.<\/p>\n\n\n\n<p>Kind Regards<\/p>\n","protected":false},"excerpt":{"rendered":"<p>Hallo Leute, \ud83d\udc4b Wir haben die Bandbreite unserer Server um \u00fcber 100 Gbit\/s erh\u00f6ht.BestTV Service arbeitet immer f\u00fcr die beste Qualit\u00e4t und wir sind nicht wie andere Anbieter mit 30~50 [&hellip;]<\/p>\n","protected":false},"author":1,"featured_media":0,"parent":0,"menu_order":0,"comment_status":"closed","ping_status":"closed","template":"","meta":{"footnotes":""},"class_list":["post-92","page","type-page","status-publish","hentry"],"_links":{"self":[{"href":"https:\/\/best-tv.info\/en\/wp-json\/wp\/v2\/pages\/92","targetHints":{"allow":["GET"]}}],"collection":[{"href":"https:\/\/best-tv.info\/en\/wp-json\/wp\/v2\/pages"}],"about":[{"href":"https:\/\/best-tv.info\/en\/wp-json\/wp\/v2\/types\/page"}],"author":[{"embeddable":true,"href":"https:\/\/best-tv.info\/en\/wp-json\/wp\/v2\/users\/1"}],"replies":[{"embeddable":true,"href":"https:\/\/best-tv.info\/en\/wp-json\/wp\/v2\/comments?post=92"}],"version-history":[{"count":130,"href":"https:\/\/best-tv.info\/en\/wp-json\/wp\/v2\/pages\/92\/revisions"}],"predecessor-version":[{"id":4455,"href":"https:\/\/best-tv.info\/en\/wp-json\/wp\/v2\/pages\/92\/revisions\/4455"}],"wp:attachment":[{"href":"https:\/\/best-tv.info\/en\/wp-json\/wp\/v2\/media?parent=92"}],"curies":[{"name":"wp","href":"https:\/\/api.w.org\/{rel}","templated":true}]}}