{"id":18,"date":"2015-04-21T11:45:38","date_gmt":"2015-04-21T09:45:38","guid":{"rendered":"http:\/\/localhost\/wordpress\/?page_id=18"},"modified":"2023-06-15T03:49:53","modified_gmt":"2023-06-15T01:49:53","slug":"news","status":"publish","type":"page","link":"https:\/\/best-tv.info\/en\/news\/","title":{"rendered":"News"},"content":{"rendered":"<p><strong>UPDATE 15.06.2023<\/strong><\/p>\n<p class=\"p1\">Hello all,<\/p>\n<p class=\"p1\">We are facing DDoS attack by our datacenter right now, we are waiting for they try to fix it asap<\/p>\n<p class=\"p1\">Sorry for the inconvenience<\/p>\n<p class=\"p1\">Soon we will give 1 weeks free to all users\/clients<\/p>\n<p class=\"p1\">Thx All<\/p>\n<p><strong>UPDATE 02.11.2022<\/strong><\/p>\n<p>Hallo Leute, \ud83d\udc4b<\/p>\n<p>Wir haben die Bandbreite unserer Server um \u00fcber 100 Gbit\/s erh\u00f6ht.<br \/>\nBestTV Service arbeitet immer f\u00fcr die beste Qualit\u00e4t und wir sind nicht wie andere Anbieter mit 30~50 Gbps Bandbreite!<br \/>\nDie meisten anderen Anbieter arbeiten maximal ein paar Monate und danach sehen ihre Benutzer einen enormen Qualit\u00e4tsverlust.<\/p>\n<p>Mit freundlichen Gr\u00fc\u00dfe<\/p>\n<p><strong>UPDATE 15.12.2021<\/strong><\/p>\n<p>Wie ihr seht, funktioniert unsere Webseite wieder. Wir entschuldigen uns f\u00fcr die Unannehmlichkeiten.<\/p>\n<p>Sollte noch etwas nicht richtig wieder funktionieren, gebt bitte per Mail Bescheid.<\/p>\n<p><strong>UPDATE 10.03.2020<\/strong><\/p>\n<p>Ab sofort haben wir wieder das VIP Paket (vorwiegend deutsche Sender) in HD und FullHD im Angebot. Beide Pakete sind mit R\u00fcckschau (R\u00fcckschau nur f\u00fcr die deutschen Sender). Ihr findet es unter Pakete &#8211; VIP<\/p>\n<p><strong>UPDATE 21.02.2020<\/strong><\/p>\n<p>Wie Sie wahrscheinlich alle wissen, wurden in den letzten Wochen viele Konten mit Mac-Adresse &#8220;gehackt&#8221;. Dies liegt daran, dass jeder eine Mac-Adresse &#8220;erraten&#8221; und pr\u00fcfen kann, ob sie mit der STB EMU-App funktioniert, und dann die m3u-Details einfach abrufen kann.<\/p>\n<p>Aus diesem Grund mussten wir Ma\u00dfnahmen ergreifen und die Sicherheit auf Mac-Konten erh\u00f6hen.<\/p>\n<p>Mac-Adresskonten k\u00f6nnen nur vom Portal verwendet werden, k\u00f6nnen nicht als m3u-URL verwendet werden.<\/p>\n<p>Wenn einem Konto eine Mac-Adresse hinzugef\u00fcgt wird und Sie beispielsweise versuchen, das m3u in VLC abzuspielen, kann keine Verbindung zu einem Kanal hergestellt werden.<\/p>\n<p>&#8212;&#8212;&#8212;&#8211;<\/p>\n<p>As you all probably know, many accounts with mac address on it been &#8220;hacked&#8221; last few weeks, this is because anyone can &#8220;guess&#8221; a mac address and see if it works using STB EMU app and then get easy the m3u details.<\/p>\n<p>For this reason we had to take a action and increase security on mac accounts.<\/p>\n<p>Mac address accounts can only be used by portal, cannot be used as m3u url .<\/p>\n<p>If mac address is added into one account and try to play the m3u in VLC for example, it will fail to connect to any channel.<\/p>\n<p><strong>Update 19.09.2019<\/strong><\/p>\n<p>zum Anlass des Tages einige Infos.<\/p>\n<p>derzeit k\u00f6nnen wir keine Buchungen f\u00fcr das Paket mit Archiv anbieten, nur OHNE.<\/p>\n<p>solltest du noch aktive Streams mit Archiv haben, so laufen diese weiter bis zum Ende, aber eine Verl\u00e4ngerung ist derzeit nicht m\u00f6glich, da der Server weg ist. eine Erkl\u00e4rung zum Problem findest hier:\u00a0<a href=\"https:\/\/m.faz.net\/aktuell\/feuilleton\/medien\/europaeische-grossrazzia-gegen-streaming-mafia-16390880.html?fbclid=IwAR3XJkg8L8wCpRLPx7sERqdQscbfiXAHXJrKtND4akcAf8BRkUVzC8-yOZ8\" target=\"_blank\" rel=\"noopener nofollow noreferrer\" data-ft=\"{&quot;tn&quot;:&quot;-U&quot;}\" data-lynx-mode=\"asynclazy\" data-lynx-uri=\"https:\/\/l.facebook.com\/l.php?u=https%3A%2F%2Fm.faz.net%2Faktuell%2Ffeuilleton%2Fmedien%2Feuropaeische-grossrazzia-gegen-streaming-mafia-16390880.html%3Ffbclid%3DIwAR3XJkg8L8wCpRLPx7sERqdQscbfiXAHXJrKtND4akcAf8BRkUVzC8-yOZ8&amp;h=AT3yxr_f0sbtUF5JnwQJ2x9amNVe665BL3TqwwhyDMmh0N5EgW3QgC0vOlee05My2AKL0eYd_8zekywdsciUoC4SFbZnVQKB0mSR3XwDva1-wjoGivuXPAiE4iU-927t6f8pwaBtVrBkzckspBHHyA6Fgi17XAJsoeutcBg\">https:\/\/m.faz.net\/\u2026\/europaeische-grossrazzia-gegen-streamin\u2026<\/a><\/p>\n<div class=\"text_exposed_show\">\n<p>P.S.: alles l\u00e4uft normal, einzige Ausnahme ist eine Buchung oder Verl\u00e4ngerung MIT Archiv<\/p>\n<\/div>\n<p><strong>Update 17.04.2019<\/strong><\/p>\n<p><span style=\"color: #0000ff;\">\u00c4NDERUNG UNSERER MAIL-ADRESSE<\/span><\/p>\n<p><span style=\"color: #0000ff;\">ab sofort sind wir NICHT mehr \u00fcber die Mailadresse &#8220;besttv@asia.com&#8221; erreichbar.<\/span><\/p>\n<p><span style=\"color: #0000ff;\">Unsere NEUE Mailadresse lautet: admin@best-tv.info<\/span><\/p>\n<p>!!!IMPORTANT!!!<br \/>\nto all MAG Box users with VIP FullHD package:<br \/>\nMAG Box NOT update to r22. DTS is not supported under r22.<\/p>\n<p>update 15\/05\/2017<\/p>\n<p>from now we accept Creditcards<\/p>\n<p><img loading=\"lazy\" decoding=\"async\" class=\"alignnone size-medium wp-image-2847\" src=\"https:\/\/best-tv.info\/wp-content\/uploads\/2015\/04\/Visa-MC-300x91.png\" alt=\"\" width=\"300\" height=\"91\" srcset=\"https:\/\/best-tv.info\/wp-content\/uploads\/2015\/04\/Visa-MC-300x91.png 300w, https:\/\/best-tv.info\/wp-content\/uploads\/2015\/04\/Visa-MC.png 407w\" sizes=\"auto, (max-width: 300px) 100vw, 300px\" \/><\/p>\n<p>Update 21.02.2017<\/p>\n<p>From now on you can pay your TV experience of Best-TV again by SEPA-Transfer.<br \/>\nYou will find the bank details in the box during your order.<br \/>\n.<br \/>\n.<br \/>\n.<\/p>\n<p>Update 11.11.2016<\/p>\n<p>Currently NO credit card payments.<br \/>\nPlease use Skrill, Bitcoin (or for people in Thailand the \u00dcW in Thai account).<br \/>\nOther payment options on request here<br \/>\n.<br \/>\n.<br \/>\n.<\/p>\n<p>Update 17.05.2016<br \/>\nWE ARE AGAIN ONLINE<\/p>\n<p>After the AUS of Seganova we looked around as a reseller for a new provider and can now offer new streams.<\/p>\n<p>&#8211; Please understand that we can not count or refund &#8220;old subscriptions&#8221; from Seganova. As hard as it sounds, but it&#8217;s like an insolvency without mass. &#8230;. Anyone who has concerns &#8211; what we understand &#8211; can choose short-term durations<\/p>\n<p>Most of you will have already noticed. The Seganova streaming service will cease its service today because they have probably flown. When and when they go on the air again, unfortunately, everything is still completely open. Of course all customers of us are concerned as Best-TV, since we were Seganova&#8217;s resellers.<br \/>\nWe work with high pressure on an alternative and will inform you<\/p>","protected":false},"excerpt":{"rendered":"<p>UPDATE 15.06.2023 Hello all, We are facing DDoS attack by our datacenter right now, we are waiting for they try to fix it asap Sorry for the inconvenience Soon we [&hellip;]<\/p>\n","protected":false},"author":1,"featured_media":0,"parent":0,"menu_order":0,"comment_status":"closed","ping_status":"closed","template":"","meta":{"footnotes":""},"class_list":["post-18","page","type-page","status-publish","hentry"],"_links":{"self":[{"href":"https:\/\/best-tv.info\/en\/wp-json\/wp\/v2\/pages\/18","targetHints":{"allow":["GET"]}}],"collection":[{"href":"https:\/\/best-tv.info\/en\/wp-json\/wp\/v2\/pages"}],"about":[{"href":"https:\/\/best-tv.info\/en\/wp-json\/wp\/v2\/types\/page"}],"author":[{"embeddable":true,"href":"https:\/\/best-tv.info\/en\/wp-json\/wp\/v2\/users\/1"}],"replies":[{"embeddable":true,"href":"https:\/\/best-tv.info\/en\/wp-json\/wp\/v2\/comments?post=18"}],"version-history":[{"count":86,"href":"https:\/\/best-tv.info\/en\/wp-json\/wp\/v2\/pages\/18\/revisions"}],"predecessor-version":[{"id":4494,"href":"https:\/\/best-tv.info\/en\/wp-json\/wp\/v2\/pages\/18\/revisions\/4494"}],"wp:attachment":[{"href":"https:\/\/best-tv.info\/en\/wp-json\/wp\/v2\/media?parent=18"}],"curies":[{"name":"wp","href":"https:\/\/api.w.org\/{rel}","templated":true}]}}